{"id":309,"date":"2023-06-15T14:24:01","date_gmt":"2023-06-15T11:24:01","guid":{"rendered":"http:\/\/zuhalozyurt.com\/?page_id=309"},"modified":"2023-07-30T20:07:40","modified_gmt":"2023-07-30T17:07:40","slug":"shambala-reiki","status":"publish","type":"page","link":"http:\/\/zuhalozyurt.com\/index.php\/shambala-reiki\/","title":{"rendered":"Evrensel Enerji Uyumlamalar\u0131"},"content":{"rendered":"\n<div style=\"height:78px\" aria-hidden=\"true\" class=\"wp-block-spacer\"><\/div>\n\n\n<ul class=\"wp-block-latest-posts__list is-grid columns-3 has-dates wp-block-latest-posts\"><li><div class=\"wp-block-latest-posts__featured-image aligncenter\"><img loading=\"lazy\" decoding=\"async\" width=\"150\" height=\"150\" src=\"http:\/\/zuhalozyurt.com\/wp-content\/uploads\/2023\/06\/Meditasyon-150x150.jpg\" class=\"attachment-thumbnail size-thumbnail wp-post-image\" alt=\"\" style=\"\" srcset=\"http:\/\/zuhalozyurt.com\/wp-content\/uploads\/2023\/06\/Meditasyon-150x150.jpg 150w, http:\/\/zuhalozyurt.com\/wp-content\/uploads\/2023\/06\/Meditasyon-300x300.jpg 300w, http:\/\/zuhalozyurt.com\/wp-content\/uploads\/2023\/06\/Meditasyon.jpg 612w\" sizes=\"auto, (max-width: 150px) 100vw, 150px\" \/><\/div><a class=\"wp-block-latest-posts__post-title\" href=\"http:\/\/zuhalozyurt.com\/index.php\/2024\/12\/07\/usui-reiki\/\">Usui Reiki<\/a><time datetime=\"2024-12-07T20:45:00+03:00\" class=\"wp-block-latest-posts__post-date\">7 Aral\u0131k 2024<\/time><div class=\"wp-block-latest-posts__post-excerpt\">Usui Reiki Evrensel Enerji sistemi i\u00e7inde yery\u00fcz\u00fcne en yak\u0131n olan \u015fifa sistemidir. Toplam 3 ( 3 A-B ) seviyeden olu\u015fan&hellip;&nbsp;<a href=\"http:\/\/zuhalozyurt.com\/index.php\/2024\/12\/07\/usui-reiki\/\" rel=\"bookmark\">Daha fazlas\u0131n\u0131 oku &raquo;<span class=\"screen-reader-text\">Usui Reiki<\/span><\/a><\/div><\/li>\n<li><div class=\"wp-block-latest-posts__featured-image aligncenter\"><img loading=\"lazy\" decoding=\"async\" width=\"150\" height=\"150\" src=\"http:\/\/zuhalozyurt.com\/wp-content\/uploads\/2023\/06\/Meditasyon-150x150.jpg\" class=\"attachment-thumbnail size-thumbnail wp-post-image\" alt=\"\" style=\"\" srcset=\"http:\/\/zuhalozyurt.com\/wp-content\/uploads\/2023\/06\/Meditasyon-150x150.jpg 150w, http:\/\/zuhalozyurt.com\/wp-content\/uploads\/2023\/06\/Meditasyon-300x300.jpg 300w, http:\/\/zuhalozyurt.com\/wp-content\/uploads\/2023\/06\/Meditasyon.jpg 612w\" sizes=\"auto, (max-width: 150px) 100vw, 150px\" \/><\/div><a class=\"wp-block-latest-posts__post-title\" href=\"http:\/\/zuhalozyurt.com\/index.php\/2024\/12\/07\/shamballa-cok-boyutlu-sifa-nedir\/\">Shamball \u00c7ok Boyutlu \u015eifa Sistemi Nedir?<\/a><time datetime=\"2024-12-07T20:44:00+03:00\" class=\"wp-block-latest-posts__post-date\">7 Aral\u0131k 2024<\/time><div class=\"wp-block-latest-posts__post-excerpt\">Shamballa \u00c7ok Boyutlu \u015eifa Sistemi, Reiki enerjilerinin geni\u015flemesi olarak d\u00fc\u015f\u00fcn\u00fclen bir \u015fifa sistemidir. SHAMBALLA ENERJ\u0130 KARAKTER\u0130ST\u0130KLER\u0130 Shamballa enerjisinin do\u011fas\u0131 \u00e7ok&hellip;&nbsp;<a href=\"http:\/\/zuhalozyurt.com\/index.php\/2024\/12\/07\/shamballa-cok-boyutlu-sifa-nedir\/\" rel=\"bookmark\">Daha fazlas\u0131n\u0131 oku &raquo;<span class=\"screen-reader-text\">Shamball \u00c7ok Boyutlu \u015eifa Sistemi Nedir?<\/span><\/a><\/div><\/li>\n<li><div class=\"wp-block-latest-posts__featured-image aligncenter\"><img loading=\"lazy\" decoding=\"async\" width=\"150\" height=\"150\" src=\"http:\/\/zuhalozyurt.com\/wp-content\/uploads\/2023\/06\/Meditasyon-150x150.jpg\" class=\"attachment-thumbnail size-thumbnail wp-post-image\" alt=\"\" style=\"\" srcset=\"http:\/\/zuhalozyurt.com\/wp-content\/uploads\/2023\/06\/Meditasyon-150x150.jpg 150w, http:\/\/zuhalozyurt.com\/wp-content\/uploads\/2023\/06\/Meditasyon-300x300.jpg 300w, http:\/\/zuhalozyurt.com\/wp-content\/uploads\/2023\/06\/Meditasyon.jpg 612w\" sizes=\"auto, (max-width: 150px) 100vw, 150px\" \/><\/div><a class=\"wp-block-latest-posts__post-title\" href=\"http:\/\/zuhalozyurt.com\/index.php\/2024\/12\/07\/kundalini-reiki\/\">Kundalini Reiki<\/a><time datetime=\"2024-12-07T20:43:00+03:00\" class=\"wp-block-latest-posts__post-date\">7 Aral\u0131k 2024<\/time><div class=\"wp-block-latest-posts__post-excerpt\">Kundalini Reiki Danimarkali meditasyon master\u0131 olan Mr. Ole Gabrielsen taraf\u0131ndan d\u00fcnyaya tan\u0131t\u0131lm\u0131\u015ft\u0131r. Mr. Ole Gabrielsen ile Master Kuthumi\u2019nin yapt\u0131\u011f\u0131 \u00e7al\u0131\u015fmalar&hellip;&nbsp;<a href=\"http:\/\/zuhalozyurt.com\/index.php\/2024\/12\/07\/kundalini-reiki\/\" rel=\"bookmark\">Daha fazlas\u0131n\u0131 oku &raquo;<span class=\"screen-reader-text\">Kundalini Reiki<\/span><\/a><\/div><\/li>\n<\/ul>\n\n\n<div style=\"height:70px\" aria-hidden=\"true\" class=\"wp-block-spacer\"><\/div>\n","protected":false},"excerpt":{"rendered":"","protected":false},"author":1,"featured_media":0,"parent":0,"menu_order":0,"comment_status":"closed","ping_status":"closed","template":"","meta":{"neve_meta_sidebar":"","neve_meta_container":"","neve_meta_enable_content_width":"","neve_meta_content_width":0,"neve_meta_title_alignment":"","neve_meta_author_avatar":"","neve_post_elements_order":"","neve_meta_disable_header":"","neve_meta_disable_footer":"","neve_meta_disable_title":"","_joinchat":[],"footnotes":""},"class_list":["post-309","page","type-page","status-publish","hentry"],"_links":{"self":[{"href":"http:\/\/zuhalozyurt.com\/index.php\/wp-json\/wp\/v2\/pages\/309","targetHints":{"allow":["GET"]}}],"collection":[{"href":"http:\/\/zuhalozyurt.com\/index.php\/wp-json\/wp\/v2\/pages"}],"about":[{"href":"http:\/\/zuhalozyurt.com\/index.php\/wp-json\/wp\/v2\/types\/page"}],"author":[{"embeddable":true,"href":"http:\/\/zuhalozyurt.com\/index.php\/wp-json\/wp\/v2\/users\/1"}],"replies":[{"embeddable":true,"href":"http:\/\/zuhalozyurt.com\/index.php\/wp-json\/wp\/v2\/comments?post=309"}],"version-history":[{"count":6,"href":"http:\/\/zuhalozyurt.com\/index.php\/wp-json\/wp\/v2\/pages\/309\/revisions"}],"predecessor-version":[{"id":853,"href":"http:\/\/zuhalozyurt.com\/index.php\/wp-json\/wp\/v2\/pages\/309\/revisions\/853"}],"wp:attachment":[{"href":"http:\/\/zuhalozyurt.com\/index.php\/wp-json\/wp\/v2\/media?parent=309"}],"curies":[{"name":"wp","href":"https:\/\/api.w.org\/{rel}","templated":true}]}}