{"id":429,"date":"2023-06-16T20:23:11","date_gmt":"2023-06-16T17:23:11","guid":{"rendered":"http:\/\/zuhalozyurt.com\/?page_id=429"},"modified":"2023-07-30T17:03:18","modified_gmt":"2023-07-30T14:03:18","slug":"sistemik-aile-dizimleri","status":"publish","type":"page","link":"https:\/\/zuhalozyurt.com\/index.php\/sistemik-aile-dizimleri\/","title":{"rendered":"Sistemik Aile Dizimleri"},"content":{"rendered":"\n<div style=\"height:68px\" aria-hidden=\"true\" class=\"wp-block-spacer\"><\/div>\n\n\n<ul class=\"wp-block-latest-posts__list is-grid columns-3 has-dates wp-block-latest-posts\"><li><div class=\"wp-block-latest-posts__featured-image\"><img loading=\"lazy\" decoding=\"async\" width=\"260\" height=\"300\" src=\"https:\/\/zuhalozyurt.com\/wp-content\/uploads\/2023\/06\/IMG-20230619-WA0008-kopya-260x300.jpg\" class=\"attachment-medium size-medium wp-post-image\" alt=\"\" style=\"\" srcset=\"https:\/\/zuhalozyurt.com\/wp-content\/uploads\/2023\/06\/IMG-20230619-WA0008-kopya-260x300.jpg 260w, https:\/\/zuhalozyurt.com\/wp-content\/uploads\/2023\/06\/IMG-20230619-WA0008-kopya.jpg 390w\" sizes=\"auto, (max-width: 260px) 100vw, 260px\" \/><\/div><a class=\"wp-block-latest-posts__post-title\" href=\"https:\/\/zuhalozyurt.com\/index.php\/2024\/12\/07\/aile-dizimi-bireysel-seanslar\/\">Meditatif Aile Dizimi Seanslar\u0131<\/a><time datetime=\"2024-12-07T16:54:00+03:00\" class=\"wp-block-latest-posts__post-date\">7 Aral\u0131k 2024<\/time><div class=\"wp-block-latest-posts__post-excerpt\">Hepimiz bu d\u00fcnyaya aidiyetlik, d\u00fczen ve denge unsurlar\u0131 i\u00e7inde bir aile i\u00e7inde do\u011farak d\u00fcnyaya geliriz. Ya\u015famlar\u0131m\u0131z Ruh\u2019umuzun yolculu\u011funa e\u015flik eden&hellip;&nbsp;<a href=\"https:\/\/zuhalozyurt.com\/index.php\/2024\/12\/07\/aile-dizimi-bireysel-seanslar\/\" rel=\"bookmark\">Daha fazlas\u0131n\u0131 oku &raquo;<span class=\"screen-reader-text\">Meditatif Aile Dizimi Seanslar\u0131<\/span><\/a><\/div><\/li>\n<li><div class=\"wp-block-latest-posts__featured-image\"><img loading=\"lazy\" decoding=\"async\" width=\"260\" height=\"300\" src=\"https:\/\/zuhalozyurt.com\/wp-content\/uploads\/2023\/06\/IMG-20230619-WA0008-kopya-260x300.jpg\" class=\"attachment-medium size-medium wp-post-image\" alt=\"\" style=\"\" srcset=\"https:\/\/zuhalozyurt.com\/wp-content\/uploads\/2023\/06\/IMG-20230619-WA0008-kopya-260x300.jpg 260w, https:\/\/zuhalozyurt.com\/wp-content\/uploads\/2023\/06\/IMG-20230619-WA0008-kopya.jpg 390w\" sizes=\"auto, (max-width: 260px) 100vw, 260px\" \/><\/div><a class=\"wp-block-latest-posts__post-title\" href=\"https:\/\/zuhalozyurt.com\/index.php\/2024\/12\/07\/zuhal-ozyurt-ile-meditatif-aile-dizimi-seanslari-sinir-sistemi-regulasyonu-ve-somatik-deneyimleme\/\">Meditatif Aile Dizimi K\u0131sa Anlat\u0131m<\/a><time datetime=\"2024-12-07T16:44:00+03:00\" class=\"wp-block-latest-posts__post-date\">7 Aral\u0131k 2024<\/time><div class=\"wp-block-latest-posts__post-excerpt\">Hepimiz birbirimize bildi\u011fimiz ve bilmedi\u011fimiz ba\u011flarla ba\u011fl\u0131y\u0131z. Ya\u015fam, bu ba\u011flarla nesiller boyu Atalar\u0131m\u0131zdan bize do\u011fru ve gelecek olan nesillere do\u011fru&hellip;&nbsp;<a href=\"https:\/\/zuhalozyurt.com\/index.php\/2024\/12\/07\/zuhal-ozyurt-ile-meditatif-aile-dizimi-seanslari-sinir-sistemi-regulasyonu-ve-somatik-deneyimleme\/\" rel=\"bookmark\">Daha fazlas\u0131n\u0131 oku &raquo;<span class=\"screen-reader-text\">Meditatif Aile Dizimi K\u0131sa Anlat\u0131m<\/span><\/a><\/div><\/li>\n<li><div class=\"wp-block-latest-posts__featured-image\"><img loading=\"lazy\" decoding=\"async\" width=\"260\" height=\"300\" src=\"https:\/\/zuhalozyurt.com\/wp-content\/uploads\/2023\/06\/IMG-20230619-WA0008-kopya-260x300.jpg\" class=\"attachment-medium size-medium wp-post-image\" alt=\"\" style=\"\" srcset=\"https:\/\/zuhalozyurt.com\/wp-content\/uploads\/2023\/06\/IMG-20230619-WA0008-kopya-260x300.jpg 260w, https:\/\/zuhalozyurt.com\/wp-content\/uploads\/2023\/06\/IMG-20230619-WA0008-kopya.jpg 390w\" sizes=\"auto, (max-width: 260px) 100vw, 260px\" \/><\/div><a class=\"wp-block-latest-posts__post-title\" href=\"https:\/\/zuhalozyurt.com\/index.php\/2024\/12\/07\/seanslar-ve-randevu\/\">Seanslar ve Randevu<\/a><time datetime=\"2024-12-07T14:03:00+03:00\" class=\"wp-block-latest-posts__post-date\">7 Aral\u0131k 2024<\/time><div class=\"wp-block-latest-posts__post-excerpt\">Sistemik Aile dizimi seanslar\u0131 Y\u00fczy\u00fcze seanslar ve Online birebir seanslar: Bu seanslar asl\u0131nda benim i\u00e7in genel olarak isim veremedi\u011fim seanslard\u0131r.&hellip;&nbsp;<a href=\"https:\/\/zuhalozyurt.com\/index.php\/2024\/12\/07\/seanslar-ve-randevu\/\" rel=\"bookmark\">Daha fazlas\u0131n\u0131 oku &raquo;<span class=\"screen-reader-text\">Seanslar ve Randevu<\/span><\/a><\/div><\/li>\n<\/ul>\n\n\n<div style=\"height:70px\" aria-hidden=\"true\" class=\"wp-block-spacer\"><\/div>\n","protected":false},"excerpt":{"rendered":"","protected":false},"author":1,"featured_media":0,"parent":0,"menu_order":0,"comment_status":"closed","ping_status":"closed","template":"","meta":{"neve_meta_sidebar":"","neve_meta_container":"","neve_meta_enable_content_width":"","neve_meta_content_width":0,"neve_meta_title_alignment":"","neve_meta_author_avatar":"","neve_post_elements_order":"","neve_meta_disable_header":"","neve_meta_disable_footer":"","neve_meta_disable_title":"","_joinchat":[],"footnotes":""},"class_list":["post-429","page","type-page","status-publish","hentry"],"_links":{"self":[{"href":"https:\/\/zuhalozyurt.com\/index.php\/wp-json\/wp\/v2\/pages\/429","targetHints":{"allow":["GET"]}}],"collection":[{"href":"https:\/\/zuhalozyurt.com\/index.php\/wp-json\/wp\/v2\/pages"}],"about":[{"href":"https:\/\/zuhalozyurt.com\/index.php\/wp-json\/wp\/v2\/types\/page"}],"author":[{"embeddable":true,"href":"https:\/\/zuhalozyurt.com\/index.php\/wp-json\/wp\/v2\/users\/1"}],"replies":[{"embeddable":true,"href":"https:\/\/zuhalozyurt.com\/index.php\/wp-json\/wp\/v2\/comments?post=429"}],"version-history":[{"count":3,"href":"https:\/\/zuhalozyurt.com\/index.php\/wp-json\/wp\/v2\/pages\/429\/revisions"}],"predecessor-version":[{"id":751,"href":"https:\/\/zuhalozyurt.com\/index.php\/wp-json\/wp\/v2\/pages\/429\/revisions\/751"}],"wp:attachment":[{"href":"https:\/\/zuhalozyurt.com\/index.php\/wp-json\/wp\/v2\/media?parent=429"}],"curies":[{"name":"wp","href":"https:\/\/api.w.org\/{rel}","templated":true}]}}